{"id":3,"date":"2020-03-19T22:21:24","date_gmt":"2020-03-19T22:21:24","guid":{"rendered":"https:\/\/fallaacaciaspicayo.es\/?page_id=3"},"modified":"2020-03-20T12:12:01","modified_gmt":"2020-03-20T12:12:01","slug":"privacy-policy","status":"publish","type":"page","link":"https:\/\/fallaacaciaspicayo.es\/index.php\/privacy-policy\/","title":{"rendered":"Pol\u00edtica de privacidad"},"content":{"rendered":"\n<h2>Quienes somos<\/h2>\n\n\n\n<p>La direcci\u00f3n de nuestro sitio web es: https:\/\/fallaacaciaspicayo.es.<\/p>\n\n\n\n<h2> Qu\u00e9 datos personales recopilamos y por qu\u00e9 los recopilamos <\/h2>\n\n\n\n<p><\/p>\n\n\n\n<p>Cuando los visitantes dejan comentarios en el sitio, recopilamos los datos que se muestran en el formulario de comentarios, y tambi\u00e9n la direcci\u00f3n IP del visitante y la cadena del agente de usuario del navegador para ayudar a la detecci\u00f3n de spam. <\/p>\n\n\n\n<p>Se puede proporcionar una cadena an\u00f3nima creada a partir de su direcci\u00f3n de correo electr\u00f3nico (tambi\u00e9n llamada hash) al servicio Gravatar para ver si la est\u00e1 utilizando. La pol\u00edtica de privacidad del servicio Gravatar est\u00e1 disponible aqu\u00ed: https:\/\/automattic.com\/privacy\/. Despu\u00e9s de la aprobaci\u00f3n de su comentario, su foto de perfil es visible para el p\u00fablico en el contexto de su comentario.<\/p>\n\n\n\n<p>Si carga im\u00e1genes en el sitio web, debe evitar cargar im\u00e1genes con datos de ubicaci\u00f3n incrustados (GPS EXIF) incluidos. Los visitantes del sitio web pueden descargar y extraer cualquier informaci\u00f3n de ubicaci\u00f3n de las im\u00e1genes en el sitio web<\/p>\n\n\n\n<p>Si deja un comentario en nuestro sitio, puede optar por guardar su nombre, direcci\u00f3n de correo electr\u00f3nico y sitio web en cookies. Estos son para su conveniencia para que no tenga que completar sus datos nuevamente cuando deje otro comentario. Estas cookies durar\u00e1n un a\u00f1o. <\/p>\n\n\n\n<p>Si visita nuestra p\u00e1gina de inicio de sesi\u00f3n, estableceremos una cookie temporal para determinar si su navegador acepta cookies. Esta cookie no contiene datos personales y se descarta cuando cierra su navegador<\/p>\n<div class='share-to-whatsapp-wrapper'><div class='share-on-whsp'>Share on: <\/div><a data-text='Pol\u00edtica de privacidad' data-link='https:\/\/fallaacaciaspicayo.es\/index.php\/privacy-policy\/' class='whatsapp-button whatsapp-share'>WhatsApp<\/a><div class='clear '><\/div><\/div>","protected":false},"excerpt":{"rendered":"<p>Quienes somos La direcci\u00f3n de nuestro sitio web es: https:\/\/fallaacaciaspicayo.es. Qu\u00e9 datos personales recopilamos y&#8230;<\/p>\n","protected":false},"author":1,"featured_media":0,"parent":0,"menu_order":0,"comment_status":"closed","ping_status":"open","template":"","meta":[],"yoast_head":"<!-- This site is optimized with the Yoast SEO plugin v15.9.2 - https:\/\/yoast.com\/wordpress\/plugins\/seo\/ -->\n<title>Pol\u00edtica de privacidad - fallaacaciaspicayo.es<\/title>\n<meta name=\"robots\" content=\"index, follow, max-snippet:-1, max-image-preview:large, max-video-preview:-1\" \/>\n<link rel=\"canonical\" href=\"https:\/\/fallaacaciaspicayo.es\/index.php\/privacy-policy\/\" \/>\n<meta property=\"og:locale\" content=\"es_ES\" \/>\n<meta property=\"og:type\" content=\"article\" \/>\n<meta property=\"og:title\" content=\"Pol\u00edtica de privacidad - fallaacaciaspicayo.es\" \/>\n<meta property=\"og:description\" content=\"Quienes somos La direcci\u00f3n de nuestro sitio web es: https:\/\/fallaacaciaspicayo.es. Qu\u00e9 datos personales recopilamos y...\" \/>\n<meta property=\"og:url\" content=\"https:\/\/fallaacaciaspicayo.es\/index.php\/privacy-policy\/\" \/>\n<meta property=\"og:site_name\" content=\"fallaacaciaspicayo.es\" \/>\n<meta property=\"article:publisher\" content=\"https:\/\/www.facebook.com\/acaciaspicayobenicalap\/?tn-str=k%2aF\" \/>\n<meta property=\"article:modified_time\" content=\"2020-03-20T12:12:01+00:00\" \/>\n<meta property=\"og:image\" content=\"https:\/\/fallaacaciaspicayo.es\/wp-content\/uploads\/2020\/03\/logofala-vert_PEQue.png\" \/>\n\t<meta property=\"og:image:width\" content=\"252\" \/>\n\t<meta property=\"og:image:height\" content=\"252\" \/>\n<meta name=\"twitter:card\" content=\"summary_large_image\" \/>\n<meta name=\"twitter:site\" content=\"@acaciaspicayo\" \/>\n<meta name=\"twitter:label1\" content=\"Tiempo de lectura\">\n\t<meta name=\"twitter:data1\" content=\"1 minuto\">\n<script type=\"application\/ld+json\" class=\"yoast-schema-graph\">{\"@context\":\"https:\/\/schema.org\",\"@graph\":[{\"@type\":\"WebSite\",\"@id\":\"https:\/\/fallaacaciaspicayo.es\/#website\",\"url\":\"https:\/\/fallaacaciaspicayo.es\/\",\"name\":\"fallaacaciaspicayo.es\",\"description\":\"50 a\\u00f1os de Historia!\",\"potentialAction\":[{\"@type\":\"SearchAction\",\"target\":\"https:\/\/fallaacaciaspicayo.es\/?s={search_term_string}\",\"query-input\":\"required name=search_term_string\"}],\"inLanguage\":\"es\"},{\"@type\":\"WebPage\",\"@id\":\"https:\/\/fallaacaciaspicayo.es\/index.php\/privacy-policy\/#webpage\",\"url\":\"https:\/\/fallaacaciaspicayo.es\/index.php\/privacy-policy\/\",\"name\":\"Pol\\u00edtica de privacidad - fallaacaciaspicayo.es\",\"isPartOf\":{\"@id\":\"https:\/\/fallaacaciaspicayo.es\/#website\"},\"datePublished\":\"2020-03-19T22:21:24+00:00\",\"dateModified\":\"2020-03-20T12:12:01+00:00\",\"breadcrumb\":{\"@id\":\"https:\/\/fallaacaciaspicayo.es\/index.php\/privacy-policy\/#breadcrumb\"},\"inLanguage\":\"es\",\"potentialAction\":[{\"@type\":\"ReadAction\",\"target\":[\"https:\/\/fallaacaciaspicayo.es\/index.php\/privacy-policy\/\"]}]},{\"@type\":\"BreadcrumbList\",\"@id\":\"https:\/\/fallaacaciaspicayo.es\/index.php\/privacy-policy\/#breadcrumb\",\"itemListElement\":[{\"@type\":\"ListItem\",\"position\":1,\"item\":{\"@type\":\"WebPage\",\"@id\":\"https:\/\/fallaacaciaspicayo.es\/\",\"url\":\"https:\/\/fallaacaciaspicayo.es\/\",\"name\":\"Portada\"}},{\"@type\":\"ListItem\",\"position\":2,\"item\":{\"@type\":\"WebPage\",\"@id\":\"https:\/\/fallaacaciaspicayo.es\/index.php\/privacy-policy\/\",\"url\":\"https:\/\/fallaacaciaspicayo.es\/index.php\/privacy-policy\/\",\"name\":\"Pol\\u00edtica de privacidad\"}}]}]}<\/script>\n<!-- \/ Yoast SEO plugin. -->","_links":{"self":[{"href":"https:\/\/fallaacaciaspicayo.es\/index.php\/wp-json\/wp\/v2\/pages\/3"}],"collection":[{"href":"https:\/\/fallaacaciaspicayo.es\/index.php\/wp-json\/wp\/v2\/pages"}],"about":[{"href":"https:\/\/fallaacaciaspicayo.es\/index.php\/wp-json\/wp\/v2\/types\/page"}],"author":[{"embeddable":true,"href":"https:\/\/fallaacaciaspicayo.es\/index.php\/wp-json\/wp\/v2\/users\/1"}],"replies":[{"embeddable":true,"href":"https:\/\/fallaacaciaspicayo.es\/index.php\/wp-json\/wp\/v2\/comments?post=3"}],"version-history":[{"count":1,"href":"https:\/\/fallaacaciaspicayo.es\/index.php\/wp-json\/wp\/v2\/pages\/3\/revisions"}],"predecessor-version":[{"id":113,"href":"https:\/\/fallaacaciaspicayo.es\/index.php\/wp-json\/wp\/v2\/pages\/3\/revisions\/113"}],"wp:attachment":[{"href":"https:\/\/fallaacaciaspicayo.es\/index.php\/wp-json\/wp\/v2\/media?parent=3"}],"curies":[{"name":"wp","href":"https:\/\/api.w.org\/{rel}","templated":true}]}}